{"id":718,"date":"2024-05-24T02:16:07","date_gmt":"2024-05-24T02:16:07","guid":{"rendered":"https:\/\/gaviaspreview.com\/wp\/wellearn\/?page_id=14"},"modified":"2026-03-05T14:06:54","modified_gmt":"2026-03-05T11:06:54","slug":"instructors","status":"publish","type":"page","link":"https:\/\/demopanel.com.tr\/zirveakademi\/instructors\/","title":{"rendered":"Instructors"},"content":{"rendered":"\t\t<div data-elementor-type=\"wp-page\" data-elementor-id=\"718\" class=\"elementor elementor-718\">\n\t\t\t\t<div class=\"elementor-element elementor-element-4ba7843 e-flex e-con-boxed e-con e-parent\" data-id=\"4ba7843\" data-element_type=\"container\" data-e-type=\"container\" data-settings=\"{&quot;background_background&quot;:&quot;slideshow&quot;,&quot;background_slideshow_gallery&quot;:[{&quot;id&quot;:452,&quot;url&quot;:&quot;https:\\\/\\\/gaviaspreview.com\\\/wp\\\/wellearn\\\/wp-content\\\/uploads\\\/2024\\\/07\\\/breadcrumb-01.jpg&quot;},{&quot;id&quot;:97,&quot;url&quot;:&quot;https:\\\/\\\/gaviaspreview.com\\\/wp\\\/wellearn\\\/wp-content\\\/uploads\\\/2024\\\/05\\\/breadcrumb-02.jpg&quot;}],&quot;background_slideshow_ken_burns&quot;:&quot;yes&quot;,&quot;background_slideshow_ken_burns_zoom_direction&quot;:&quot;out&quot;,&quot;background_slideshow_loop&quot;:&quot;yes&quot;,&quot;background_slideshow_slide_duration&quot;:5000,&quot;background_slideshow_slide_transition&quot;:&quot;fade&quot;,&quot;background_slideshow_transition_duration&quot;:500}\">\n\t\t\t\t\t<div class=\"e-con-inner\">\n\t\t<div class=\"elementor-element elementor-element-c5dc784 e-con-full e-flex e-con e-child\" data-id=\"c5dc784\" data-element_type=\"container\" data-e-type=\"container\">\n\t\t\t\t<div class=\"elementor-element elementor-element-22309d5 elementor-widget elementor-widget-gva-heading-block\" data-id=\"22309d5\" data-element_type=\"widget\" data-e-type=\"widget\" data-widget_type=\"gva-heading-block.default\">\n\t\t\t\t<div class=\"elementor-widget-container\">\n\t\t\t\t\t<div class=\"gva-element-gva-heading-block gva-element\">   <div class=\"align-left style-1 widget gsc-heading box-align-left auto-responsive\">\r\n      <div class=\"content-inner\">\r\n         \r\n                  \r\n           \r\n         \r\n                     <h2 class=\"title\">\r\n               <span>Best Instructors For You<\/span>\r\n            <\/h2>\r\n                  \r\n                     <div class=\"title-desc\">We&#039;re best online education you can join.<\/div>\r\n         \r\n         \r\n      <\/div>\r\n   <\/div>\r\n<\/div>\t\t\t\t<\/div>\n\t\t\t\t<\/div>\n\t\t\t\t<\/div>\n\t\t\t\t\t<\/div>\n\t\t\t\t<\/div>\n\t\t<div class=\"elementor-element elementor-element-b7bed92 e-flex e-con-boxed e-con e-parent\" data-id=\"b7bed92\" data-element_type=\"container\" data-e-type=\"container\">\n\t\t\t\t\t<div class=\"e-con-inner\">\n\t\t<div class=\"elementor-element elementor-element-120c767 e-con-full e-flex e-con e-child\" data-id=\"120c767\" data-element_type=\"container\" data-e-type=\"container\">\n\t\t<div class=\"elementor-element elementor-element-c9022cd mr-0 e-con-full e-flex e-con e-child\" data-id=\"c9022cd\" data-element_type=\"container\" data-e-type=\"container\">\n\t\t\t\t<div class=\"elementor-element elementor-element-c6c1063 elementor-widget elementor-widget-gva-heading-block\" data-id=\"c6c1063\" data-element_type=\"widget\" data-e-type=\"widget\" data-widget_type=\"gva-heading-block.default\">\n\t\t\t\t<div class=\"elementor-widget-container\">\n\t\t\t\t\t<div class=\"gva-element-gva-heading-block gva-element\">   <div class=\"align-left style-1 widget gsc-heading box-align-left auto-responsive\">\r\n      <div class=\"content-inner\">\r\n         \r\n                  \r\n         <div class=\"sub-title sub-1\"><span class=\"tagline\">Wellearn Hakk\u0131nda<\/span><\/div>  \r\n         \r\n                     <h2 class=\"title\">\r\n               <span>Bilmek <em> Bir \u015fey<\/em> Wellearn'deki K\u00fclt\u00fcr Programlar\u0131m\u0131z Hakk\u0131nda<\/span>\r\n            <\/h2>\r\n                  \r\n                     <div class=\"title-desc\">A\u015fk, kutsal ve ac\u0131 dolu bir \u015fey olsun; fakat bu, intikam\u0131 al\u0131nacak olanlara b&uuml;y&uuml;k emek ve ac\u0131 &ccedil;ektirilen bir zamand\u0131r.<\/div>\r\n         \r\n         \r\n      <\/div>\r\n   <\/div>\r\n<\/div>\t\t\t\t<\/div>\n\t\t\t\t<\/div>\n\t\t\t\t<div class=\"elementor-element elementor-element-91ada13 elementor-position-inline-start elementor-mobile-position-inline-start elementor-view-default elementor-widget elementor-widget-icon-box\" data-id=\"91ada13\" data-element_type=\"widget\" data-e-type=\"widget\" data-widget_type=\"icon-box.default\">\n\t\t\t\t\t\t\t<div class=\"elementor-icon-box-wrapper\">\n\n\t\t\t\t\t\t<div class=\"elementor-icon-box-icon\">\n\t\t\t\t<span  class=\"elementor-icon\">\n\t\t\t\t<i aria-hidden=\"true\" class=\" wicon-world\"><\/i>\t\t\t\t<\/span>\n\t\t\t<\/div>\n\t\t\t\n\t\t\t\t\t\t<div class=\"elementor-icon-box-content\">\n\n\t\t\t\t\t\t\t\t\t<h3 class=\"elementor-icon-box-title\">\n\t\t\t\t\t\t<span  >\n\t\t\t\t\t\t\tHayat\u0131n\u0131z\u0131 koruyun\t\t\t\t\t\t<\/span>\n\t\t\t\t\t<\/h3>\n\t\t\t\t\n\t\t\t\t\t\t\t\t\t<p class=\"elementor-icon-box-description\">\n\t\t\t\t\t\tBa\u015ftan sona kadar sizin i\u00e7in buraday\u0131z.\t\t\t\t\t<\/p>\n\t\t\t\t\n\t\t\t<\/div>\n\t\t\t\n\t\t<\/div>\n\t\t\t\t\t\t<\/div>\n\t\t\t\t<div class=\"elementor-element elementor-element-302360c elementor-icon-list--layout-traditional elementor-list-item-link-full_width elementor-widget elementor-widget-icon-list\" data-id=\"302360c\" data-element_type=\"widget\" data-e-type=\"widget\" data-widget_type=\"icon-list.default\">\n\t\t\t\t\t\t\t<ul class=\"elementor-icon-list-items\">\n\t\t\t\t\t\t\t<li class=\"elementor-icon-list-item\">\n\t\t\t\t\t\t\t\t\t\t\t<span class=\"elementor-icon-list-icon\">\n\t\t\t\t\t\t\t<i aria-hidden=\"true\" class=\"fas fa-check\"><\/i>\t\t\t\t\t\t<\/span>\n\t\t\t\t\t\t\t\t\t\t<span class=\"elementor-icon-list-text\">En \u0130yi E\u011fitmen &amp; En \u0130yi Programlar<\/span>\n\t\t\t\t\t\t\t\t\t<\/li>\n\t\t\t\t\t\t\t\t<li class=\"elementor-icon-list-item\">\n\t\t\t\t\t\t\t\t\t\t\t<span class=\"elementor-icon-list-icon\">\n\t\t\t\t\t\t\t<i aria-hidden=\"true\" class=\"fas fa-check\"><\/i>\t\t\t\t\t\t<\/span>\n\t\t\t\t\t\t\t\t\t\t<span class=\"elementor-icon-list-text\">%100 ISO Sertifikal\u0131 Ye\u015fil<\/span>\n\t\t\t\t\t\t\t\t\t<\/li>\n\t\t\t\t\t\t<\/ul>\n\t\t\t\t\t\t<\/div>\n\t\t\t\t<div class=\"elementor-element elementor-element-3b4c533 elementor-widget elementor-widget-html\" data-id=\"3b4c533\" data-element_type=\"widget\" data-e-type=\"widget\" data-widget_type=\"html.default\">\n\t\t\t\t\t<a class=\"btn-theme\" href=\"https:\/\/gaviaspreview.com\/wp\/wellearn\/about\/\">\n    <span>Daha fazla bilgi edin<\/span>\n<\/a>\t\t\t\t<\/div>\n\t\t\t\t<\/div>\n\t\t\t\t<\/div>\n\t\t<div class=\"elementor-element elementor-element-78e802e e-con-full e-flex e-con e-child\" data-id=\"78e802e\" data-element_type=\"container\" data-e-type=\"container\">\n\t\t\t\t<div class=\"elementor-element elementor-element-e741814 elementor-absolute elementor-widget elementor-widget-gva-circle-progress\" data-id=\"e741814\" data-element_type=\"widget\" data-e-type=\"widget\" data-settings=\"{&quot;_position&quot;:&quot;absolute&quot;}\" data-widget_type=\"gva-circle-progress.default\">\n\t\t\t\t<div class=\"elementor-widget-container\">\n\t\t\t\t\t<div class=\"gva-element-gva-circle-progress gva-element\">            <div class=\"gsc-circle-progress progress-two__single\">\r\n         <div class=\"progress-two__circle-progress circle-progress\" data-value=\"0.85\"  data-thickness=\"3\" data-empty-fill=\"#FFFFFF1A\" data-lineCap=\"square\" data-size=\"85\" data-fill=\"{ &quot;color&quot;: &quot;#FFFFFF&quot; }\">\r\n            <strong><\/strong>\r\n         <\/div> \r\n                     <div class=\"progress-two__title title\">\r\n               <span>85% Memnun<br>  \u00d6\u011frenciler<\/span>\r\n            <\/div>   \r\n               <\/div> \r\n   <\/div>\t\t\t\t<\/div>\n\t\t\t\t<\/div>\n\t\t\t\t<div class=\"elementor-element elementor-element-2dbae96 elementor-widget elementor-widget-gva-image-content\" data-id=\"2dbae96\" data-element_type=\"widget\" data-e-type=\"widget\" data-widget_type=\"gva-image-content.default\">\n\t\t\t\t<div class=\"elementor-widget-container\">\n\t\t\t\t\t<div class=\"gva-element-gva-image-content gva-element\">\t\t\r\n\t  \r\n\t \r\n\r\n\t \r\n\r\n\t\r\n\t \r\n  \r\n  \t<div class=\"about-five__single\">\r\n  \t\t<div class=\"about-five__wrap\">\r\n\t\t \t<div class=\"about-five__image\"><div class=\"about-five__image-inner\"><img decoding=\"async\" src=\"https:\/\/demopanel.com.tr\/zirveakademi\/wp-content\/uploads\/2024\/06\/image-22.jpg\" title=\"image-22\" alt=\"image-22\" loading=\"lazy\" \/><\/div><\/div><div class=\"about-five__content\"><div class=\"about-five__image-second\"><div class=\"content-inner\"><img decoding=\"async\" src=\"https:\/\/gaviaspreview.com\/wp\/wellearn\/wp-content\/uploads\/2024\/06\/image-23.jpg\" alt=\"Deneyim Dan\u0131\u015fman\u0131\" \/><\/div><\/div><div class=\"about-five__content-inner\"><div class=\"about-five__icon\"><i aria-hidden=\"true\" class=\" wicon-mortarboard-2\"><\/i><\/div><h2 class=\"about-five__title\">Deneyim Dan\u0131\u015fman\u0131<\/h2><\/div><\/div>\t <\/div>  \r\n  <\/div>\r\n \r\n\r\n  \r\n \r\n\r\n \r\n\t<\/div>\t\t\t\t<\/div>\n\t\t\t\t<\/div>\n\t\t\t\t<\/div>\n\t\t\t\t\t<\/div>\n\t\t\t\t<\/div>\n\t\t<div class=\"elementor-element elementor-element-9b49c4c e-flex e-con-boxed e-con e-parent\" data-id=\"9b49c4c\" data-element_type=\"container\" data-e-type=\"container\">\n\t\t\t\t\t<div class=\"e-con-inner\">\n\t\t<div class=\"elementor-element elementor-element-985ee71 e-con-full e-flex e-con e-child\" data-id=\"985ee71\" data-element_type=\"container\" data-e-type=\"container\">\n\t\t\t\t<div class=\"elementor-element elementor-element-65b6ae9 elementor-widget elementor-widget-gva-features-block\" data-id=\"65b6ae9\" data-element_type=\"widget\" data-e-type=\"widget\" data-widget_type=\"gva-features-block.default\">\n\t\t\t\t<div class=\"elementor-widget-container\">\n\t\t\t\t\t<div class=\"gva-element-gva-features-block gva-element\">\r\n\r\n\r\n\r\n<div class=\"feature-four__single\"><div class=\"feature-four__wrapper\"><div class=\"feature-four__image\"><img decoding=\"async\" src=\"https:\/\/demopanel.com.tr\/zirveakademi\/wp-content\/uploads\/2024\/06\/image-05.png\" title=\"image-05\" alt=\"image-05\" loading=\"lazy\" \/><\/div><div class=\"feature-four__content\"><h3 class=\"feature-four__title\">E\u011fitmen Olmak \u0130ster misiniz?<\/h3><div class=\"feature-four__desc\">B\u0131rak\u0131n bu bir a\u015fk consectetur adipiscing eiusmod tempore dolore magna suspendisse olsun.<\/div><div class=\"feature-four__action\"><a class=\"btn-theme-2\" href=\"https:\/\/gaviaspreview.com\/wp\/wellearn\/become-an-instructor\/\"><span>Bize kat\u0131l\u0131n<\/span><\/a><\/div><\/div><\/div><\/div><\/div>\t\t\t\t<\/div>\n\t\t\t\t<\/div>\n\t\t\t\t<\/div>\n\t\t<div class=\"elementor-element elementor-element-eb1133d e-con-full e-flex e-con e-child\" data-id=\"eb1133d\" data-element_type=\"container\" data-e-type=\"container\">\n\t\t\t\t<div class=\"elementor-element elementor-element-a78e5d2 elementor-widget elementor-widget-gva-features-block\" data-id=\"a78e5d2\" data-element_type=\"widget\" data-e-type=\"widget\" data-widget_type=\"gva-features-block.default\">\n\t\t\t\t<div class=\"elementor-widget-container\">\n\t\t\t\t\t<div class=\"gva-element-gva-features-block gva-element\">\r\n\r\n\r\n\r\n<div class=\"feature-four__single\"><div class=\"feature-four__wrapper\"><div class=\"feature-four__image\"><img decoding=\"async\" src=\"https:\/\/demopanel.com.tr\/zirveakademi\/wp-content\/uploads\/2024\/06\/image-06.png\" title=\"image-06\" alt=\"image-06\" loading=\"lazy\" \/><\/div><div class=\"feature-four__content\"><h3 class=\"feature-four__title\">\u00c7evrimi\u00e7i Kurslara Kat\u0131l\u0131n<\/h3><div class=\"feature-four__desc\">B\u0131rak\u0131n bu bir a\u015fk consectetur adipiscing eiusmod tempore dolore magna suspendisse olsun.<\/div><div class=\"feature-four__action\"><a class=\"btn-theme\" href=\"https:\/\/gaviaspreview.com\/wp\/wellearn\/courses-page\/\"><span>Bize kat\u0131l\u0131n<\/span><\/a><\/div><\/div><\/div><\/div><\/div>\t\t\t\t<\/div>\n\t\t\t\t<\/div>\n\t\t\t\t<\/div>\n\t\t\t\t\t<\/div>\n\t\t\t\t<\/div>\n\t\t\t\t<\/div>\n\t\t","protected":false},"excerpt":{"rendered":"<p>Best Instructors For You We&#039;re best online education you can join. Wellearn Hakk\u0131nda Bilmek Bir \u015fey Wellearn&#8217;deki K\u00fclt\u00fcr Programlar\u0131m\u0131z Hakk\u0131nda A\u015fk, kutsal ve ac\u0131 dolu bir \u015fey olsun; fakat bu, intikam\u0131 al\u0131nacak olanlara b&uuml;y&uuml;k emek ve ac\u0131 &ccedil;ektirilen bir zamand\u0131r. Hayat\u0131n\u0131z\u0131 koruyun Ba\u015ftan sona kadar sizin i\u00e7in buraday\u0131z. En \u0130yi E\u011fitmen &amp; En \u0130yi Programlar [&hellip;]<\/p>\n","protected":false},"author":1,"featured_media":0,"parent":0,"menu_order":0,"comment_status":"closed","ping_status":"closed","template":"","meta":{"footnotes":""},"class_list":["post-718","page","type-page","status-publish","hentry"],"_links":{"self":[{"href":"https:\/\/demopanel.com.tr\/zirveakademi\/wp-json\/wp\/v2\/pages\/718","targetHints":{"allow":["GET"]}}],"collection":[{"href":"https:\/\/demopanel.com.tr\/zirveakademi\/wp-json\/wp\/v2\/pages"}],"about":[{"href":"https:\/\/demopanel.com.tr\/zirveakademi\/wp-json\/wp\/v2\/types\/page"}],"author":[{"embeddable":true,"href":"https:\/\/demopanel.com.tr\/zirveakademi\/wp-json\/wp\/v2\/users\/1"}],"replies":[{"embeddable":true,"href":"https:\/\/demopanel.com.tr\/zirveakademi\/wp-json\/wp\/v2\/comments?post=718"}],"version-history":[{"count":6,"href":"https:\/\/demopanel.com.tr\/zirveakademi\/wp-json\/wp\/v2\/pages\/718\/revisions"}],"predecessor-version":[{"id":959,"href":"https:\/\/demopanel.com.tr\/zirveakademi\/wp-json\/wp\/v2\/pages\/718\/revisions\/959"}],"wp:attachment":[{"href":"https:\/\/demopanel.com.tr\/zirveakademi\/wp-json\/wp\/v2\/media?parent=718"}],"curies":[{"name":"wp","href":"https:\/\/api.w.org\/{rel}","templated":true}]}}