{"id":719,"date":"2024-05-24T02:16:56","date_gmt":"2024-05-24T02:16:56","guid":{"rendered":"https:\/\/gaviaspreview.com\/wp\/wellearn\/?page_id=16"},"modified":"2026-04-12T15:46:50","modified_gmt":"2026-04-12T12:46:50","slug":"hakkimizda","status":"publish","type":"page","link":"https:\/\/demopanel.com.tr\/zirveakademi\/hakkimizda\/","title":{"rendered":"Hakk\u0131m\u0131zda"},"content":{"rendered":"\t\t<div data-elementor-type=\"wp-page\" data-elementor-id=\"719\" class=\"elementor elementor-719\">\n\t\t\t\t<div class=\"elementor-element elementor-element-72f6f88 e-con-full e-flex e-con e-parent\" data-id=\"72f6f88\" data-element_type=\"container\" data-e-type=\"container\" data-settings=\"{&quot;background_background&quot;:&quot;classic&quot;}\">\n\t\t<div class=\"elementor-element elementor-element-060c5a6 e-con-full container-right e-flex e-con e-child\" data-id=\"060c5a6\" data-element_type=\"container\" data-e-type=\"container\">\n\t\t\t\t<div class=\"elementor-element elementor-element-3f67491 elementor-widget elementor-widget-gva-testimonials\" data-id=\"3f67491\" data-element_type=\"widget\" data-e-type=\"widget\" data-widget_type=\"gva-testimonials.default\">\n\t\t\t\t<div class=\"elementor-widget-container\">\n\t\t\t\t\t<div class=\"gva-element-gva-testimonials gva-element\">\r\n<div class=\"gsc-testimonial layout-carousel swiper-slider-wrapper style-2 \">\r\n   <div class=\"swiper-content-inner\">\r\n      <div class=\"init-carousel-swiper swiper col-1\" data-carousel=\"{&quot;items&quot;:1,&quot;items_lg&quot;:1,&quot;items_md&quot;:1,&quot;items_sm&quot;:1,&quot;items_xs&quot;:1,&quot;items_xx&quot;:1,&quot;effect&quot;:&quot;slide&quot;,&quot;space_between&quot;:30,&quot;loop&quot;:1,&quot;speed&quot;:1200,&quot;autoplay&quot;:0,&quot;autoplay_delay&quot;:5000,&quot;autoplay_hover&quot;:1,&quot;navigation&quot;:0,&quot;pagination&quot;:1,&quot;dynamic_bullets&quot;:0,&quot;pagination_type&quot;:&quot;bullets&quot;}\">\r\n         <div class=\"swiper-wrapper\">\r\n                           <div class=\"swiper-slide\">\r\n                 <div class=\"testimonial-item style-2 elementor-repeater-item-6b5ed1d\">\r\n   \r\n     \r\n\r\n         <div class=\"testimonial-two__single\">\r\n         <div class=\"testimonial-two__content\">\r\n            <div class=\"testimonial-two__image\"><img fetchpriority=\"high\" decoding=\"async\" width=\"2560\" height=\"1969\" src=\"https:\/\/demopanel.com.tr\/zirveakademi\/wp-content\/uploads\/2026\/03\/1-SLAT1-scaled.jpg\" alt=\"Z\u0130RVE AKADEM\u0130\" \/><\/div>            <div class=\"testimonial-two__content-inner\">\r\n               <span class=\"testimonial-two__icon\"><i aria-hidden=\"true\" class=\" wicon-right-quote\"><\/i><\/span>\r\n               <div class=\"testimonial-two__info\">\r\n                  <div class=\"testimonial-two__name\">Z\u0130RVE AKADEM\u0130<\/div>\r\n                  <div class=\"testimonial-two__job\"><\/div>\r\n               <\/div>\r\n               <div class=\"testimonial-two__quote\">\r\n                  \u00c7a\u011fr\u0131 Merkezi alan\u0131ndaki profesyonel anlamda kurmu\u015f oldu\u011fumuz, dan\u0131\u015fmanl\u0131k,organizasyon alan\u0131nda \u2018A\u2019 kalite hizmet vermeyi ilke edinmi\u015f bir \u015firketiz. T\u00fcrkiye&#039;nin ya\u015fam kalitesinin iyile\u015fmesinde rol alan, geli\u015fmi\u015flik seviyesini ileriye ta\u015f\u0131yan \u00f6nc\u00fc e\u011fitim firmalar\u0131 aras\u0131nda bulunmaya ve zaman\u0131m\u0131z\u0131 en verimli \u015fekilde kullanmaya devam ediyoruz.\n\nUzaktan e\u011fitim programlar\u0131ndan mezun olan \u00f6\u011frencilerimiz ayn\u0131 programdan mezun olan \u00f6rg\u00fcn e\u011fitim \u00f6\u011frencilerimiz ile ayn\u0131 haklara sahip olurlar.\n\nTeknobilgi Bili\u015fim E\u011fitim Organizasyon ve Dan\u0131\u015fmanl\u0131k \u015eirketi Zirve Akademi E\u011fitim Kurumlar\u0131&#039;n\u0131n resmi partneri ve \u00e7a\u011fr\u0131 merkezidir.\n\nFirmam\u0131z\u0131n hi\u00e7 bir sertifika program\u0131nda i\u015f garantisi yoktur. Ayr\u0131ca i\u015fe y\u00f6nlendirme garantisi de yoktur. Sizlerin donan\u0131ml\u0131 hale gelebilmesi i\u00e7in e\u011fitimleri profesyonel olarak veririz ve sizi i\u015f hayat\u0131na haz\u0131rlar\u0131z.               <\/div>\r\n               <div class=\"testimonial-two__stars\">\r\n                  <i class=\"fa fa-star\"><\/i>\r\n                  <i class=\"fa fa-star\"><\/i>\r\n                  <i class=\"fa fa-star\"><\/i>\r\n                  <i class=\"fa fa-star\"><\/i>\r\n                  <i class=\"fa fa-star\"><\/i>\r\n               <\/div>\r\n            <\/div>\r\n         <\/div>\r\n      <\/div>  \r\n     \r\n\r\n    \r\n    \r\n    \r\n<\/div>\r\n\r\n               <\/div>\r\n                     <\/div>\r\n      <\/div>\r\n   <\/div>   \r\n   <div class=\"swiper-pagination\"><\/div>   <\/div>\r\n<\/div>\t\t\t\t<\/div>\n\t\t\t\t<\/div>\n\t\t\t\t<\/div>\n\t\t\t\t<\/div>\n\t\t<div class=\"elementor-element elementor-element-def9938 e-flex e-con-boxed e-con e-parent\" data-id=\"def9938\" data-element_type=\"container\" data-e-type=\"container\">\n\t\t\t\t\t<div class=\"e-con-inner\">\n\t\t<div class=\"elementor-element elementor-element-eb65ff1 e-con-full e-flex e-con e-child\" data-id=\"eb65ff1\" data-element_type=\"container\" data-e-type=\"container\">\n\t\t<div class=\"elementor-element elementor-element-51010d0 e-flex e-con-boxed e-con e-child\" data-id=\"51010d0\" data-element_type=\"container\" data-e-type=\"container\" data-settings=\"{&quot;background_background&quot;:&quot;classic&quot;}\">\n\t\t\t\t\t<div class=\"e-con-inner\">\n\t\t\t\t<div class=\"elementor-element elementor-element-fe94fa6 elementor-widget elementor-widget-gva-video-box\" data-id=\"fe94fa6\" data-element_type=\"widget\" data-e-type=\"widget\" data-widget_type=\"gva-video-box.default\">\n\t\t\t\t<div class=\"elementor-widget-container\">\n\t\t\t\t\t<div class=\"gva-element-gva-video-box gva-element\">\r\n   \r\n         <div class=\"video-two__single\">\r\n         <div class=\"video-two__inner\">\r\n            <div class=\"video-two__content\">\r\n               <div class=\"video-two__action\">\r\n                  <a href=\"https:\/\/www.youtube.com\/watch?v=JA0g4KYMf_k\" class=\"popup-video\"><span><i class=\"fa fa-play\"><\/i><\/span><\/a>\r\n               <\/div>\r\n                           <\/div>    \r\n         <\/div>\r\n      <\/div> \r\n           \r\n<\/div>\t\t\t\t<\/div>\n\t\t\t\t<\/div>\n\t\t\t\t\t<\/div>\n\t\t\t\t<\/div>\n\t\t\t\t<\/div>\n\t\t<div class=\"elementor-element elementor-element-2dd5684 e-con-full e-flex e-con e-child\" data-id=\"2dd5684\" data-element_type=\"container\" data-e-type=\"container\" data-settings=\"{&quot;background_background&quot;:&quot;classic&quot;}\">\n\t\t\t\t<div class=\"elementor-element elementor-element-c3253d7 elementor-widget elementor-widget-gva-heading-block\" data-id=\"c3253d7\" data-element_type=\"widget\" data-e-type=\"widget\" data-widget_type=\"gva-heading-block.default\">\n\t\t\t\t<div class=\"elementor-widget-container\">\n\t\t\t\t\t<div class=\"gva-element-gva-heading-block gva-element\">   <div class=\"align-left style-1 widget gsc-heading box-align-left auto-responsive\">\r\n      <div class=\"content-inner\">\r\n         \r\n                  \r\n         <div class=\"sub-title sub-1\"><span class=\"tagline\">Haber B\u00fcltenleri<\/span><\/div>  \r\n         \r\n                     <h2 class=\"title\">\r\n               <span>T\u00fcm Bildirimlerimizi Al\u0131n<\/span>\r\n            <\/h2>\r\n                  \r\n         \r\n         \r\n      <\/div>\r\n   <\/div>\r\n<\/div>\t\t\t\t<\/div>\n\t\t\t\t<\/div>\n\t\t<div class=\"elementor-element elementor-element-fc1a76f e-flex e-con-boxed e-con e-child\" data-id=\"fc1a76f\" data-element_type=\"container\" data-e-type=\"container\">\n\t\t\t\t\t<div class=\"e-con-inner\">\n\t\t\t\t<div class=\"elementor-element elementor-element-3058f0c elementor-icon-list--layout-inline elementor-list-item-link-full_width elementor-widget elementor-widget-icon-list\" data-id=\"3058f0c\" data-element_type=\"widget\" data-e-type=\"widget\" data-widget_type=\"icon-list.default\">\n\t\t\t\t\t\t\t<ul class=\"elementor-icon-list-items elementor-inline-items\">\n\t\t\t\t\t\t\t<li class=\"elementor-icon-list-item elementor-inline-item\">\n\t\t\t\t\t\t\t\t\t\t\t<span class=\"elementor-icon-list-icon\">\n\t\t\t\t\t\t\t<i aria-hidden=\"true\" class=\"fas fa-check-circle\"><\/i>\t\t\t\t\t\t<\/span>\n\t\t\t\t\t\t\t\t\t\t<span class=\"elementor-icon-list-text\">D\u00fczenli G\u00fcncellemeler<\/span>\n\t\t\t\t\t\t\t\t\t<\/li>\n\t\t\t\t\t\t\t\t<li class=\"elementor-icon-list-item elementor-inline-item\">\n\t\t\t\t\t\t\t\t\t\t\t<span class=\"elementor-icon-list-icon\">\n\t\t\t\t\t\t\t<i aria-hidden=\"true\" class=\"fas fa-check-circle\"><\/i>\t\t\t\t\t\t<\/span>\n\t\t\t\t\t\t\t\t\t\t<span class=\"elementor-icon-list-text\">Haftal\u0131k G\u00fcncellemeler<\/span>\n\t\t\t\t\t\t\t\t\t<\/li>\n\t\t\t\t\t\t<\/ul>\n\t\t\t\t\t\t<\/div>\n\t\t\t\t\t<\/div>\n\t\t\t\t<\/div>\n\t\t\t\t<div class=\"elementor-element elementor-element-7c98d0d style-2 elementor-widget elementor-widget-shortcode\" data-id=\"7c98d0d\" data-element_type=\"widget\" data-e-type=\"widget\" data-widget_type=\"shortcode.default\">\n\t\t\t\t\t\t\t<div class=\"elementor-shortcode\"><\/div>\n\t\t\t\t\t\t<\/div>\n\t\t\t\t<\/div>\n\t\t\t\t\t<\/div>\n\t\t\t\t<\/div>\n\t\t\t\t<\/div>\n\t\t","protected":false},"excerpt":{"rendered":"<p>Z\u0130RVE AKADEM\u0130 \u00c7a\u011fr\u0131 Merkezi alan\u0131ndaki profesyonel anlamda kurmu\u015f oldu\u011fumuz, dan\u0131\u015fmanl\u0131k,organizasyon alan\u0131nda \u2018A\u2019 kalite hizmet vermeyi ilke edinmi\u015f bir \u015firketiz. T\u00fcrkiye&#039;nin ya\u015fam kalitesinin iyile\u015fmesinde rol alan, geli\u015fmi\u015flik seviyesini ileriye ta\u015f\u0131yan \u00f6nc\u00fc e\u011fitim firmalar\u0131 aras\u0131nda bulunmaya ve zaman\u0131m\u0131z\u0131 en verimli \u015fekilde kullanmaya devam ediyoruz. Uzaktan e\u011fitim programlar\u0131ndan mezun olan \u00f6\u011frencilerimiz ayn\u0131 programdan mezun olan \u00f6rg\u00fcn e\u011fitim \u00f6\u011frencilerimiz [&hellip;]<\/p>\n","protected":false},"author":1,"featured_media":0,"parent":0,"menu_order":0,"comment_status":"closed","ping_status":"closed","template":"","meta":{"footnotes":""},"class_list":["post-719","page","type-page","status-publish","hentry"],"_links":{"self":[{"href":"https:\/\/demopanel.com.tr\/zirveakademi\/wp-json\/wp\/v2\/pages\/719","targetHints":{"allow":["GET"]}}],"collection":[{"href":"https:\/\/demopanel.com.tr\/zirveakademi\/wp-json\/wp\/v2\/pages"}],"about":[{"href":"https:\/\/demopanel.com.tr\/zirveakademi\/wp-json\/wp\/v2\/types\/page"}],"author":[{"embeddable":true,"href":"https:\/\/demopanel.com.tr\/zirveakademi\/wp-json\/wp\/v2\/users\/1"}],"replies":[{"embeddable":true,"href":"https:\/\/demopanel.com.tr\/zirveakademi\/wp-json\/wp\/v2\/comments?post=719"}],"version-history":[{"count":34,"href":"https:\/\/demopanel.com.tr\/zirveakademi\/wp-json\/wp\/v2\/pages\/719\/revisions"}],"predecessor-version":[{"id":1321,"href":"https:\/\/demopanel.com.tr\/zirveakademi\/wp-json\/wp\/v2\/pages\/719\/revisions\/1321"}],"wp:attachment":[{"href":"https:\/\/demopanel.com.tr\/zirveakademi\/wp-json\/wp\/v2\/media?parent=719"}],"curies":[{"name":"wp","href":"https:\/\/api.w.org\/{rel}","templated":true}]}}